{"id":49,"date":"2021-02-09T11:20:57","date_gmt":"2021-02-09T10:20:57","guid":{"rendered":"https:\/\/mocni.org\/?page_id=49"},"modified":"2021-04-19T13:12:03","modified_gmt":"2021-04-19T11:12:03","slug":"stowarzyszenie-na-rzecz-osob-niepelnosprawnych-mocni","status":"publish","type":"page","link":"https:\/\/mocni.org\/index.php\/stowarzyszenie-na-rzecz-osob-niepelnosprawnych-mocni\/","title":{"rendered":"Informacje o stowarzyszeniu"},"content":{"rendered":"\n<p>W grudniu 2016 r. w Gryfowie \u015al\u0105skim zosta\u0142o utworzone Stowarzyszenie na Rzecz Os\u00f3b Niepe\u0142nosprawnych \u201eMocni\u201d. Za\u0142o\u017cycielami Stowarzyszenia s\u0105 g\u0142\u00f3wnie rodzice os\u00f3b z niepe\u0142nosprawno\u015bci\u0105 intelektualn\u0105, a tak\u017ce ludzie, kt\u00f3rym los niepe\u0142nosprawnych nie jest oboj\u0119tny. Powstanie Stowarzyszenia jest \u015bci\u015ble zwi\u0105zane z brakiem opieki i aktywizacji os\u00f3b niepe\u0142nosprawnych, kt\u00f3re uko\u0144czy\u0142y edukacj\u0119.<\/p>\n\n\n\n<p>Cz\u0142onkowie Stowarzyszenia \u201eMocni\u201d chc\u0105 w przysz\u0142o\u015bci stworzy\u0107 miejsce spotka\u0144, pracy i integracji dla os\u00f3b niepe\u0142nosprawnych i ich rodzin, miejsce, w kt\u00f3rym b\u0119d\u0105 realizowa\u0107 si\u0119 na miar\u0119 swoich mo\u017cliwo\u015bci, gdzie b\u0119dzie istnia\u0142a mo\u017cliwo\u015b\u0107 rehabilitacji spo\u0142ecznej i zawodowej.<br>Celem Stowarzyszenia s\u0105 zadania publiczne obejmuj\u0105ce (mi\u0119dzy innymi) zadania w zakresie:<\/p>\n\n\n\n<ul class=\"wp-block-list\"><li>pomocy spo\u0142ecznej, w tym pomocy rodzinom i osobom w trudnej sytuacji \u017cyciowej oraz wyr\u00f3wnywania szans tych rodzin i os\u00f3b,<\/li><li>dzia\u0142alno\u015bci na rzecz integracji i reintegracji zawodowej i spo\u0142ecznej os\u00f3b zagro\u017conych wykluczeniem spo\u0142ecznym,<\/li><li>dzia\u0142alno\u015bci na rzecz os\u00f3b niepe\u0142nosprawnych,<\/li><li>promocji zatrudnienia i aktywizacji zawodowej os\u00f3b oraz os\u00f3b niepe\u0142nosprawnych pozostaj\u0105cych bez pracy i zagro\u017conych zwolnieniem z pracy,<\/li><li>organizowanie i prowadzenie domu dziennego pobytu dla os\u00f3b niepe\u0142nosprawnych oraz innych form plac\u00f3wek opieku\u0144czo wychowawczych,<\/li><li>prowadzenie dziennej opieki w formie stacjonarnej i niestacjonarnej,<\/li><li>dzia\u0142alno\u015b\u0107 edukacyjna w szko\u0142ach i pozaszkolna,<\/li><li>prowadzenie specjalistycznych plac\u00f3wek aktywizuj\u0105cych zawodowo.<\/li><\/ul>\n\n\n\n<h2 class=\"wp-block-heading\"><a href=\"https:\/\/mocni.org\/\">Nowe miejsce dla niepe\u0142nosprawnych<\/a><\/h2>\n\n\n\n<p>W budynku po by\u0142ej szkole podstawowej w Uboczu, Fundacja Ditero z Wolimierza oraz Stowarzyszenie na Rzecz Os\u00f3b Niepe\u0142nosprawnych \u201eMOCNI\u201d z Gryfowa \u015al\u0105skiego utworz\u0105 O\u015brodek Wsparcia Rodziny i Os\u00f3b Niepe\u0142nosprawnych \u015bwiadcz\u0105ce r\u00f3\u017cne formy wsparcia dla os\u00f3b z niepe\u0142nosprawno\u015bci\u0105. Obie organizacje pozarz\u0105dowe od kilku lat pomagaj\u0105 dzieciom i osobom doros\u0142ym g\u0142\u00f3wnie z terenu powiat\u00f3w lw\u00f3weckiego i luba\u0144skiego. Robi\u0142y to oddzielnie, na niewielk\u0105 skal\u0119. Po\u0142\u0105czenie si\u0142 wspierane przez przychylno\u015b\u0107 w\u0142adz Gryfowa pozwoli rozwin\u0105\u0107 nowe us\u0142ugi i wesprze\u0107 wi\u0119cej rodzin potrzebuj\u0105cych specjalistycznych us\u0142ug.<br>W O\u015brodku Wsparcia Rodziny i Os\u00f3b Niepe\u0142nosprawnych, b\u0119d\u0105 realizowane zaj\u0119cia wspomagaj\u0105ce rozw\u00f3j, terapie, warsztaty, us\u0142ugi diagnostyczne dla dzieci, us\u0142ugi opieku\u0144cze i opieka specjalistyczna dla niepe\u0142nosprawnych w ka\u017cdym wieku. D\u0142ugofalowym celem obu organizacji i Gminy Gryf\u00f3w \u015al\u0105ski jest utworzenie lokalnej poradni zapewniaj\u0105cej wszechstronn\u0105 pomoc, z kt\u00f3r\u0105 b\u0119d\u0105 wsp\u00f3\u0142pracowa\u0107 specjali\u015bci do kt\u00f3rych dzisiaj rodzice niepe\u0142nosprawnych dzieci musz\u0105 je\u017adzi\u0107 nawet do Wroc\u0142awia. W Uboczu powstanie nowoczesna pracownia do zaj\u0119\u0107 Integracji Sensorycznej, Sala Do\u015bwiadczania \u015awiata (Snoezelen), pracownia artystyczna do terapii zaj\u0119ciowej, \u015bwietlica \u2013 plac\u00f3wka dziennego wsparcia.<br>\u201eChcemy, aby nasz O\u015brodek oferowa\u0142 wszechstronn\u0105 pomoc \u2013 od diagnozy os\u00f3b z niepe\u0142nosprawno\u015bci\u0105 w wieku dzieci\u0119cym, przez r\u00f3\u017cnorodne terapie i zaj\u0119cia rozwojowe, po samodzielne, doros\u0142e \u017cycie. W nowej lokalizacji b\u0119dzie r\u00f3wnie\u017c przestrze\u0144 dla rodzic\u00f3w, przestrze\u0144 na imprezy integracyjne oraz spotkania, na kt\u00f3rych mo\u017cna powymienia\u0107 si\u0119 do\u015bwiadczeniem, poplotkowa\u0107, po\u015bmia\u0107 si\u0119.\u201d \u2013 m\u00f3wi prezes Fundacji Ditero Agnieszka Surmacz.<br>Stowarzyszenie Mocni dotychczas znane jako sprawny organizator wielu imprez integracyjnych na terenie Gryfowa, w ko\u0144cu uzyska miejsce do ca\u0142odziennej opieki dla os\u00f3b zajmuj\u0105cych si\u0119 osobami niepe\u0142nosprawnymi.<br>\u201eStowarzyszenie od samego pocz\u0105tku d\u0105\u017cy\u0142o do utworzenia miejsca, w kt\u00f3rym doros\u0142e osoby z niepe\u0142nosprawno\u015bci\u0105 b\u0119d\u0105 mog\u0142y pracowa\u0107 w formie tzw przedsi\u0119biorstwa spo\u0142ecznego \u2013 miejsca pracy dla os\u00f3b ze specjalnymi potrzebami lub w inny spos\u00f3b wykluczonych z rynku pracy. To marzenie ma teraz szans\u0119 na realizacj\u0119\u201d m\u00f3wi prezes Stowarzyszenia Mocni Stanis\u0142aw Fronc.<br>\u201eBardzo chcemy, \u017ceby O\u015brodek w Uboczu wspiera\u0142o te\u017c lokaln\u0105 spo\u0142eczno\u015b\u0107, by\u0142o nadal miejscem gdzie mo\u017cna zorganizowa\u0107 festyn rodzinny czy spotka\u0107 si\u0119 na placu zabaw. Marzy nam si\u0119 miejsce, w kt\u00f3rym ka\u017cdy znajdzie dla siebie przestrze\u0144 do bycia wys\u0142uchanym, do bycia sob\u0105. Przestrze\u0144, w kt\u00f3rej narodz\u0105 si\u0119 nowe przyja\u017anie, w kt\u00f3rej b\u0119dziemy rozwija\u0107 swoje talenty i pasje, przestrze\u0144, kt\u00f3ra skupi wok\u00f3\u0142 siebie wspania\u0142ych ludzi, kt\u00f3rzy b\u0119d\u0105 si\u0119 dzieli\u0107 z nami swoj\u0105 wiedz\u0105 i do\u015bwiadczeniem\u201d dodaje pani Agnieszka.<br>Dzia\u0142alno\u015b\u0107 obu organizacji finansowana jest z dotacji, darowizn, us\u0142ug odp\u0142atnych i 1% podatku dla Organizacji Po\u017cytku Publicznego. Zach\u0119camy do w\u0142\u0105czenia si\u0119 we wsparcie tej inicjatywy. Wi\u0119cej informacji b\u0119dzie pojawia\u0107 si\u0119 na stronie https:\/\/ditero.pl i profilach Facebook obu organizacji.<\/p>\n","protected":false},"excerpt":{"rendered":"<p>W grudniu 2016 r. w Gryfowie \u015al\u0105skim zosta\u0142o utworzone Stowarzyszenie na Rzecz Os\u00f3b Niepe\u0142nosprawnych \u201eMocni\u201d. Za\u0142o\u017cycielami Stowarzyszenia s\u0105 g\u0142\u00f3wnie rodzice os\u00f3b z niepe\u0142nosprawno\u015bci\u0105 intelektualn\u0105, a tak\u017ce ludzie, kt\u00f3rym los niepe\u0142nosprawnych nie jest oboj\u0119tny. Powstanie Stowarzyszenia jest \u015bci\u015ble zwi\u0105zane z brakiem opieki i aktywizacji os\u00f3b niepe\u0142nosprawnych, kt\u00f3re uko\u0144czy\u0142y edukacj\u0119. Cz\u0142onkowie Stowarzyszenia \u201eMocni\u201d chc\u0105 w przysz\u0142o\u015bci stworzy\u0107 [&hellip;]<\/p>\n","protected":false},"author":2,"featured_media":0,"parent":0,"menu_order":1,"comment_status":"closed","ping_status":"closed","template":"page-templates\/pagebuilder.php","meta":{"ngg_post_thumbnail":0,"footnotes":""},"class_list":["post-49","page","type-page","status-publish","hentry"],"_links":{"self":[{"href":"https:\/\/mocni.org\/index.php\/wp-json\/wp\/v2\/pages\/49","targetHints":{"allow":["GET"]}}],"collection":[{"href":"https:\/\/mocni.org\/index.php\/wp-json\/wp\/v2\/pages"}],"about":[{"href":"https:\/\/mocni.org\/index.php\/wp-json\/wp\/v2\/types\/page"}],"author":[{"embeddable":true,"href":"https:\/\/mocni.org\/index.php\/wp-json\/wp\/v2\/users\/2"}],"replies":[{"embeddable":true,"href":"https:\/\/mocni.org\/index.php\/wp-json\/wp\/v2\/comments?post=49"}],"version-history":[{"count":6,"href":"https:\/\/mocni.org\/index.php\/wp-json\/wp\/v2\/pages\/49\/revisions"}],"predecessor-version":[{"id":81,"href":"https:\/\/mocni.org\/index.php\/wp-json\/wp\/v2\/pages\/49\/revisions\/81"}],"wp:attachment":[{"href":"https:\/\/mocni.org\/index.php\/wp-json\/wp\/v2\/media?parent=49"}],"curies":[{"name":"wp","href":"https:\/\/api.w.org\/{rel}","templated":true}]}}